{"id":230,"date":"2022-05-20T09:40:36","date_gmt":"2022-05-20T09:40:36","guid":{"rendered":"https:\/\/intel-ledger.com\/?page_id=230"},"modified":"2022-12-13T12:17:13","modified_gmt":"2022-12-13T12:17:13","slug":"insurance-consulting","status":"publish","type":"page","link":"https:\/\/intel-ledger.com\/de\/insurance-consulting\/","title":{"rendered":"Holen Sie sich den zuverl\u00e4ssigsten Verb\u00fcndeten f\u00fcr alle Fragen der Versicherungsberatung an Ihre Seite!"},"content":{"rendered":"<p>Effizienz und Flexibilit\u00e4t f\u00fcr jeden Kunden sind garantiert!<\/p>","protected":false},"excerpt":{"rendered":"<p>Effizienz und Flexibilit\u00e4t f\u00fcr jeden Kunden sind garantiert!<\/p>","protected":false},"author":1,"featured_media":0,"parent":0,"menu_order":0,"comment_status":"closed","ping_status":"closed","template":"Insurance.php","meta":{"inline_featured_image":false,"footnotes":""},"class_list":["post-230","page","type-page","status-publish","hentry"],"acf":[],"yoast_head":"<!-- This site is optimized with the Yoast SEO plugin v18.9 - https:\/\/yoast.com\/wordpress\/plugins\/seo\/ -->\n<title>Insurance consulting services by Intel Ledger<\/title>\n<meta name=\"description\" content=\"Get all the information about your insurance opportunities and interaction methods with insurers.\" \/>\n<meta name=\"robots\" content=\"index, follow, max-snippet:-1, max-image-preview:large, max-video-preview:-1\" \/>\n<link rel=\"canonical\" href=\"https:\/\/intel-ledger.com\/de\/insurance-consulting\/\" \/>\n<meta property=\"og:locale\" content=\"de_DE\" \/>\n<meta property=\"og:type\" content=\"article\" \/>\n<meta property=\"og:title\" content=\"Insurance consulting services by Intel Ledger\" \/>\n<meta property=\"og:description\" content=\"Get all the information about your insurance opportunities and interaction methods with insurers.\" \/>\n<meta property=\"og:url\" content=\"https:\/\/intel-ledger.com\/de\/insurance-consulting\/\" \/>\n<meta property=\"article:modified_time\" content=\"2022-12-13T12:17:13+00:00\" \/>\n<meta name=\"twitter:card\" content=\"summary_large_image\" \/>\n<script type=\"application\/ld+json\" class=\"yoast-schema-graph\">{\"@context\":\"https:\/\/schema.org\",\"@graph\":[{\"@type\":\"WebSite\",\"@id\":\"https:\/\/intel-ledger.com\/#website\",\"url\":\"https:\/\/intel-ledger.com\/\",\"name\":\"\",\"description\":\"\",\"potentialAction\":[{\"@type\":\"SearchAction\",\"target\":{\"@type\":\"EntryPoint\",\"urlTemplate\":\"https:\/\/intel-ledger.com\/?s={search_term_string}\"},\"query-input\":\"required name=search_term_string\"}],\"inLanguage\":\"de\"},{\"@type\":\"WebPage\",\"@id\":\"https:\/\/intel-ledger.com\/insurance-consulting\/#webpage\",\"url\":\"https:\/\/intel-ledger.com\/insurance-consulting\/\",\"name\":\"Insurance consulting services by Intel Ledger\",\"isPartOf\":{\"@id\":\"https:\/\/intel-ledger.com\/#website\"},\"datePublished\":\"2022-05-20T09:40:36+00:00\",\"dateModified\":\"2022-12-13T12:17:13+00:00\",\"description\":\"Get all the information about your insurance opportunities and interaction methods with insurers.\",\"breadcrumb\":{\"@id\":\"https:\/\/intel-ledger.com\/insurance-consulting\/#breadcrumb\"},\"inLanguage\":\"de\",\"potentialAction\":[{\"@type\":\"ReadAction\",\"target\":[\"https:\/\/intel-ledger.com\/insurance-consulting\/\"]}]},{\"@type\":\"BreadcrumbList\",\"@id\":\"https:\/\/intel-ledger.com\/insurance-consulting\/#breadcrumb\",\"itemListElement\":[{\"@type\":\"ListItem\",\"position\":1,\"name\":\"Home\",\"item\":\"https:\/\/intel-ledger.com\/\"},{\"@type\":\"ListItem\",\"position\":2,\"name\":\"Get the most reliable ally at your side for all the insurance consulting issues you may need!\"}]}]}<\/script>\n<!-- \/ Yoast SEO plugin. -->","yoast_head_json":{"title":"Insurance consulting services by Intel Ledger","description":"Get all the information about your insurance opportunities and interaction methods with insurers.","robots":{"index":"index","follow":"follow","max-snippet":"max-snippet:-1","max-image-preview":"max-image-preview:large","max-video-preview":"max-video-preview:-1"},"canonical":"https:\/\/intel-ledger.com\/de\/insurance-consulting\/","og_locale":"de_DE","og_type":"article","og_title":"Insurance consulting services by Intel Ledger","og_description":"Get all the information about your insurance opportunities and interaction methods with insurers.","og_url":"https:\/\/intel-ledger.com\/de\/insurance-consulting\/","article_modified_time":"2022-12-13T12:17:13+00:00","twitter_card":"summary_large_image","schema":{"@context":"https:\/\/schema.org","@graph":[{"@type":"WebSite","@id":"https:\/\/intel-ledger.com\/#website","url":"https:\/\/intel-ledger.com\/","name":"","description":"","potentialAction":[{"@type":"SearchAction","target":{"@type":"EntryPoint","urlTemplate":"https:\/\/intel-ledger.com\/?s={search_term_string}"},"query-input":"required name=search_term_string"}],"inLanguage":"de"},{"@type":"WebPage","@id":"https:\/\/intel-ledger.com\/insurance-consulting\/#webpage","url":"https:\/\/intel-ledger.com\/insurance-consulting\/","name":"Insurance consulting services by Intel Ledger","isPartOf":{"@id":"https:\/\/intel-ledger.com\/#website"},"datePublished":"2022-05-20T09:40:36+00:00","dateModified":"2022-12-13T12:17:13+00:00","description":"Get all the information about your insurance opportunities and interaction methods with insurers.","breadcrumb":{"@id":"https:\/\/intel-ledger.com\/insurance-consulting\/#breadcrumb"},"inLanguage":"de","potentialAction":[{"@type":"ReadAction","target":["https:\/\/intel-ledger.com\/insurance-consulting\/"]}]},{"@type":"BreadcrumbList","@id":"https:\/\/intel-ledger.com\/insurance-consulting\/#breadcrumb","itemListElement":[{"@type":"ListItem","position":1,"name":"Home","item":"https:\/\/intel-ledger.com\/"},{"@type":"ListItem","position":2,"name":"Get the most reliable ally at your side for all the insurance consulting issues you may need!"}]}]}},"_links":{"self":[{"href":"https:\/\/intel-ledger.com\/de\/wp-json\/wp\/v2\/pages\/230","targetHints":{"allow":["GET"]}}],"collection":[{"href":"https:\/\/intel-ledger.com\/de\/wp-json\/wp\/v2\/pages"}],"about":[{"href":"https:\/\/intel-ledger.com\/de\/wp-json\/wp\/v2\/types\/page"}],"author":[{"embeddable":true,"href":"https:\/\/intel-ledger.com\/de\/wp-json\/wp\/v2\/users\/1"}],"replies":[{"embeddable":true,"href":"https:\/\/intel-ledger.com\/de\/wp-json\/wp\/v2\/comments?post=230"}],"version-history":[{"count":13,"href":"https:\/\/intel-ledger.com\/de\/wp-json\/wp\/v2\/pages\/230\/revisions"}],"predecessor-version":[{"id":1119,"href":"https:\/\/intel-ledger.com\/de\/wp-json\/wp\/v2\/pages\/230\/revisions\/1119"}],"wp:attachment":[{"href":"https:\/\/intel-ledger.com\/de\/wp-json\/wp\/v2\/media?parent=230"}],"curies":[{"name":"wp","href":"https:\/\/api.w.org\/{rel}","templated":true}]}}